{"id":126,"date":"2017-11-09T15:32:08","date_gmt":"2017-11-09T15:32:08","guid":{"rendered":"https:\/\/www.osca.mobi\/?page_id=126"},"modified":"2017-11-09T15:32:08","modified_gmt":"2017-11-09T15:32:08","slug":"cookies","status":"publish","type":"page","link":"https:\/\/www.osca.mobi\/index.php\/cookies\/","title":{"rendered":"Cookies"},"content":{"rendered":"<p>Die Cookie-Einstellungen auf dieser Website sind auf &#8222;Cookies zulassen&#8220; eingestellt, um das beste Surferlebnis zu erm\u00f6glichen. Wenn Sie diese Website ohne \u00c4nderung der Cookie-Einstellungen weiterhin verwenden oder auf &#8222;Akzeptieren&#8220; klicken, erkl\u00e4ren Sie sich damit einverstanden.<\/p>\n","protected":false},"excerpt":{"rendered":"<p>Die Cookie-Einstellungen auf dieser Website sind auf &#8222;Cookies zulassen&#8220; eingestellt, um das beste Surferlebnis zu erm\u00f6glichen. Wenn Sie diese Website ohne \u00c4nderung der Cookie-Einstellungen weiterhin verwenden oder auf &#8222;Akzeptieren&#8220; klicken, erkl\u00e4ren Sie sich damit einverstanden.<\/p>\n","protected":false},"author":1,"featured_media":0,"parent":0,"menu_order":0,"comment_status":"closed","ping_status":"closed","template":"","meta":[],"_links":{"self":[{"href":"https:\/\/www.osca.mobi\/index.php\/wp-json\/wp\/v2\/pages\/126"}],"collection":[{"href":"https:\/\/www.osca.mobi\/index.php\/wp-json\/wp\/v2\/pages"}],"about":[{"href":"https:\/\/www.osca.mobi\/index.php\/wp-json\/wp\/v2\/types\/page"}],"author":[{"embeddable":true,"href":"https:\/\/www.osca.mobi\/index.php\/wp-json\/wp\/v2\/users\/1"}],"replies":[{"embeddable":true,"href":"https:\/\/www.osca.mobi\/index.php\/wp-json\/wp\/v2\/comments?post=126"}],"version-history":[{"count":1,"href":"https:\/\/www.osca.mobi\/index.php\/wp-json\/wp\/v2\/pages\/126\/revisions"}],"predecessor-version":[{"id":127,"href":"https:\/\/www.osca.mobi\/index.php\/wp-json\/wp\/v2\/pages\/126\/revisions\/127"}],"wp:attachment":[{"href":"https:\/\/www.osca.mobi\/index.php\/wp-json\/wp\/v2\/media?parent=126"}],"curies":[{"name":"wp","href":"https:\/\/api.w.org\/{rel}","templated":true}]}}